{"id":3088,"date":"2023-11-27T12:28:43","date_gmt":"2023-11-27T11:28:43","guid":{"rendered":"https:\/\/bachcollegiumbarcelona.com\/discography\/bach-ist-meine-freude\/"},"modified":"2023-11-27T12:28:46","modified_gmt":"2023-11-27T11:28:46","slug":"bach-ist-meine-freude","status":"publish","type":"page","link":"https:\/\/bachcollegiumbarcelona.com\/en\/discography\/bach-ist-meine-freude\/","title":{"rendered":"Bach ist meine freude"},"content":{"rendered":"\t\t<div data-elementor-type=\"wp-page\" data-elementor-id=\"3088\" class=\"elementor elementor-3088 elementor-2938\" data-elementor-post-type=\"page\">\n\t\t\t\t<div class=\"elementor-element elementor-element-83f74ab e-flex e-con-boxed e-con e-parent\" data-id=\"83f74ab\" data-element_type=\"container\">\n\t\t\t\t\t<div class=\"e-con-inner\">\n\t\t<div class=\"elementor-element elementor-element-2a9c611 e-con-full e-flex e-con e-child\" data-id=\"2a9c611\" data-element_type=\"container\">\n\t\t\t\t<div class=\"elementor-element elementor-element-3d672f2 elementor-widget elementor-widget-heading\" data-id=\"3d672f2\" data-element_type=\"widget\" data-widget_type=\"heading.default\">\n\t\t\t\t<div class=\"elementor-widget-container\">\n\t\t\t\t\t<h1 class=\"elementor-heading-title elementor-size-default\">Bach ist meine freude!\u200b - Bach Collegium Barcelona<\/h1>\t\t\t\t<\/div>\n\t\t\t\t<\/div>\n\t\t\t\t<div class=\"elementor-element elementor-element-92dd921 elementor-widget elementor-widget-html\" data-id=\"92dd921\" data-element_type=\"widget\" data-widget_type=\"html.default\">\n\t\t\t\t<div class=\"elementor-widget-container\">\n\t\t\t\t\t<iframe style=\"border-radius:12px\" src=\"https:\/\/open.spotify.com\/embed\/album\/7oIoL8w20sg6DqN3YSHDRh?utm_source=generator&amp;theme=0\" width=\"100%\" height=\"500\" frameborder=\"0\" allowfullscreen=\"\" allow=\"autoplay; clipboard-write; encrypted-media; fullscreen; picture-in-picture\" loading=\"lazy\"><\/iframe>\t\t\t\t<\/div>\n\t\t\t\t<\/div>\n\t\t\t\t<\/div>\n\t\t\t\t\t<\/div>\n\t\t\t\t<\/div>\n\t\t<div class=\"elementor-element elementor-element-62a559d e-flex e-con-boxed e-con e-parent\" data-id=\"62a559d\" data-element_type=\"container\">\n\t\t\t\t\t<div class=\"e-con-inner\">\n\t\t<div class=\"elementor-element elementor-element-6544b69 e-con-full e-flex e-con e-child\" data-id=\"6544b69\" data-element_type=\"container\">\n\t\t\t\t<div class=\"elementor-element elementor-element-e1e8cbc elementor-widget elementor-widget-heading\" data-id=\"e1e8cbc\" data-element_type=\"widget\" data-widget_type=\"heading.default\">\n\t\t\t\t<div class=\"elementor-widget-container\">\n\t\t\t\t\t<h3 class=\"elementor-heading-title elementor-size-default\">Performers<\/h3>\t\t\t\t<\/div>\n\t\t\t\t<\/div>\n\t\t\t\t<div class=\"elementor-element elementor-element-7cef35f elementor-widget elementor-widget-text-editor\" data-id=\"7cef35f\" data-element_type=\"widget\" data-widget_type=\"text-editor.default\">\n\t\t\t\t<div class=\"elementor-widget-container\">\n\t\t\t\t\t\t\t\t\t<p>Sopranos: Maria Pujades, Ana\u00efs Oliveras, Sara Sarroca, Brenda Sara, Clara Puig, Maria Mauri<br>\nContralts: Yolanda Romero, Maria Boixadera, Daniel Folqu\u00e9<br>\nTenors: Matthew Thomson, Mart\u00ed Do\u00f1ate, Ferran Mitjans<br>\nBasses: Oriol Mallart, Vincent de Soomer, Pol Requesens<br>\nOrgan: Daniel Tarrida<br>\nCello: Frances Bartlett<br>\nConductor: Pau Jorquera<\/p>\t\t\t\t\t\t\t\t<\/div>\n\t\t\t\t<\/div>\n\t\t\t\t<\/div>\n\t\t<div class=\"elementor-element elementor-element-4bbc53a e-con-full e-flex e-con e-child\" data-id=\"4bbc53a\" data-element_type=\"container\">\n\t\t\t\t<div class=\"elementor-element elementor-element-c8b3e7f elementor-widget elementor-widget-heading\" data-id=\"c8b3e7f\" data-element_type=\"widget\" data-widget_type=\"heading.default\">\n\t\t\t\t<div class=\"elementor-widget-container\">\n\t\t\t\t\t<h3 class=\"elementor-heading-title elementor-size-default\">Data sheet<\/h3>\t\t\t\t<\/div>\n\t\t\t\t<\/div>\n\t\t\t\t<div class=\"elementor-element elementor-element-696c09d elementor-widget elementor-widget-text-editor\" data-id=\"696c09d\" data-element_type=\"widget\" data-widget_type=\"text-editor.default\">\n\t\t\t\t<div class=\"elementor-widget-container\">\n\t\t\t\t\t\t\t\t\t<p>Artistic direction: Pau Jorquera<br \/>Recording and post-production: Enric Gin\u00e9 (Tasso Laboratori de so)<br \/>Design: Joan Jorquera<br \/>Panoramic photography de Montserrat: Xavier Caball\u00e9<br \/>Photographs of the recording: Enric Gin\u00e9<br \/>Organ: Organumbcn (Antoni Gonz\u00e1lez Mauri, orguener)<\/p>\n\t\t\t\t\t\t\t\t<\/div>\n\t\t\t\t<\/div>\n\t\t\t\t<\/div>\n\t\t\t\t\t<\/div>\n\t\t\t\t<\/div>\n\t\t\t\t<\/div>\n\t\t","protected":false},"excerpt":{"rendered":"<p>Bach ist meine freude!\u200b &#8211; Bach Collegium Barcelona Performers Sopranos: Maria Pujades, Ana\u00efs Oliveras, Sara Sarroca, Brenda Sara, Clara Puig, Maria Mauri Contralts: Yolanda Romero, Maria Boixadera, Daniel Folqu\u00e9 Tenors: Matthew Thomson, Mart\u00ed Do\u00f1ate, Ferran Mitjans Basses: Oriol Mallart, Vincent de Soomer, Pol Requesens Organ: Daniel Tarrida Cello: Frances Bartlett Conductor: Pau Jorquera Data sheet [&hellip;]<\/p>\n","protected":false},"author":2,"featured_media":0,"parent":958,"menu_order":0,"comment_status":"closed","ping_status":"closed","template":"","meta":{"_acf_changed":false,"site-sidebar-layout":"no-sidebar","site-content-layout":"page-builder","ast-site-content-layout":"","site-content-style":"default","site-sidebar-style":"default","ast-global-header-display":"","ast-banner-title-visibility":"","ast-main-header-display":"","ast-hfb-above-header-display":"","ast-hfb-below-header-display":"","ast-hfb-mobile-header-display":"","site-post-title":"disabled","ast-breadcrumbs-content":"","ast-featured-img":"disabled","footer-sml-layout":"","theme-transparent-header-meta":"","adv-header-id-meta":"","stick-header-meta":"","header-above-stick-meta":"","header-main-stick-meta":"","header-below-stick-meta":"","astra-migrate-meta-layouts":"default","ast-page-background-enabled":"default","ast-page-background-meta":{"desktop":{"background-color":"","background-image":"","background-repeat":"repeat","background-position":"center center","background-size":"auto","background-attachment":"scroll","background-type":"","background-media":"","overlay-type":"","overlay-color":"","overlay-opacity":"","overlay-gradient":""},"tablet":{"background-color":"","background-image":"","background-repeat":"repeat","background-position":"center center","background-size":"auto","background-attachment":"scroll","background-type":"","background-media":"","overlay-type":"","overlay-color":"","overlay-opacity":"","overlay-gradient":""},"mobile":{"background-color":"","background-image":"","background-repeat":"repeat","background-position":"center center","background-size":"auto","background-attachment":"scroll","background-type":"","background-media":"","overlay-type":"","overlay-color":"","overlay-opacity":"","overlay-gradient":""}},"ast-content-background-meta":{"desktop":{"background-color":"var(--ast-global-color-5)","background-image":"","background-repeat":"repeat","background-position":"center center","background-size":"auto","background-attachment":"scroll","background-type":"","background-media":"","overlay-type":"","overlay-color":"","overlay-opacity":"","overlay-gradient":""},"tablet":{"background-color":"var(--ast-global-color-5)","background-image":"","background-repeat":"repeat","background-position":"center center","background-size":"auto","background-attachment":"scroll","background-type":"","background-media":"","overlay-type":"","overlay-color":"","overlay-opacity":"","overlay-gradient":""},"mobile":{"background-color":"var(--ast-global-color-5)","background-image":"","background-repeat":"repeat","background-position":"center center","background-size":"auto","background-attachment":"scroll","background-type":"","background-media":"","overlay-type":"","overlay-color":"","overlay-opacity":"","overlay-gradient":""}},"footnotes":""},"class_list":["post-3088","page","type-page","status-publish","hentry"],"acf":[],"_links":{"self":[{"href":"https:\/\/bachcollegiumbarcelona.com\/en\/wp-json\/wp\/v2\/pages\/3088","targetHints":{"allow":["GET"]}}],"collection":[{"href":"https:\/\/bachcollegiumbarcelona.com\/en\/wp-json\/wp\/v2\/pages"}],"about":[{"href":"https:\/\/bachcollegiumbarcelona.com\/en\/wp-json\/wp\/v2\/types\/page"}],"author":[{"embeddable":true,"href":"https:\/\/bachcollegiumbarcelona.com\/en\/wp-json\/wp\/v2\/users\/2"}],"replies":[{"embeddable":true,"href":"https:\/\/bachcollegiumbarcelona.com\/en\/wp-json\/wp\/v2\/comments?post=3088"}],"version-history":[{"count":1,"href":"https:\/\/bachcollegiumbarcelona.com\/en\/wp-json\/wp\/v2\/pages\/3088\/revisions"}],"predecessor-version":[{"id":3089,"href":"https:\/\/bachcollegiumbarcelona.com\/en\/wp-json\/wp\/v2\/pages\/3088\/revisions\/3089"}],"up":[{"embeddable":true,"href":"https:\/\/bachcollegiumbarcelona.com\/en\/wp-json\/wp\/v2\/pages\/958"}],"wp:attachment":[{"href":"https:\/\/bachcollegiumbarcelona.com\/en\/wp-json\/wp\/v2\/media?parent=3088"}],"curies":[{"name":"wp","href":"https:\/\/api.w.org\/{rel}","templated":true}]}}