{"id":3191,"date":"2024-10-22T12:31:12","date_gmt":"2024-10-22T10:31:12","guid":{"rendered":"https:\/\/bachcollegiumbarcelona.com\/politica-de-privacidad\/"},"modified":"2024-10-22T12:31:12","modified_gmt":"2024-10-22T10:31:12","slug":"politica-de-privacidad","status":"publish","type":"page","link":"https:\/\/bachcollegiumbarcelona.com\/es\/politica-de-privacidad\/","title":{"rendered":"Pol\u00edtica de privacidad"},"content":{"rendered":"\t\t<div data-elementor-type=\"wp-page\" data-elementor-id=\"3191\" class=\"elementor elementor-3191 elementor-3\" data-elementor-post-type=\"page\">\n\t\t\t\t\t\t<section class=\"elementor-section elementor-top-section elementor-element elementor-element-3218fba6 elementor-section-boxed elementor-section-height-default elementor-section-height-default\" data-id=\"3218fba6\" data-element_type=\"section\">\n\t\t\t\t\t\t<div class=\"elementor-container elementor-column-gap-default\">\n\t\t\t\t\t<div class=\"elementor-column elementor-col-100 elementor-top-column elementor-element elementor-element-4def4ecf\" data-id=\"4def4ecf\" data-element_type=\"column\">\n\t\t\t<div class=\"elementor-widget-wrap elementor-element-populated\">\n\t\t\t\t\t\t<div class=\"elementor-element elementor-element-e608a93 elementor-widget elementor-widget-heading\" data-id=\"e608a93\" data-element_type=\"widget\" data-widget_type=\"heading.default\">\n\t\t\t\t<div class=\"elementor-widget-container\">\n\t\t\t\t\t<h1 class=\"elementor-heading-title elementor-size-default\">Pol\u00edtica de privadesa<\/h1>\t\t\t\t<\/div>\n\t\t\t\t<\/div>\n\t\t\t\t<div class=\"elementor-element elementor-element-134d08e elementor-widget elementor-widget-text-editor\" data-id=\"134d08e\" data-element_type=\"widget\" data-widget_type=\"text-editor.default\">\n\t\t\t\t<div class=\"elementor-widget-container\">\n\t\t\t\t\t\t\t\t\t<p>BACH COLLEGIUM BARCELONA t&#8217;informa sobre la seva Pol\u00edtica de Privadesa respecte del tractament i protecci\u00f3 de les dades de car\u00e0cter personal dels usuaris que puguin ser recollides per la navegaci\u00f3 a trav\u00e9s de el lloc web https:\/\/bachcollegiumbarcelona.com<\/p>\n<p>En aquest sentit, el titular garanteix el compliment de la normativa vigent en mat\u00e8ria de protecci\u00f3 de dades personals, reflectida en la Llei Org\u00e0nica 3\/2018, de 5 de desembre, de Protecci\u00f3 de Dades Personals i de Garantia de Drets Digitals (LOPD GDD) . Compleix tamb\u00e9 amb el Reglament (UE) 2016\/679 de el Parlament Europeu i de Consell de 27 d&#8217;abril de 2016 relatiu a la protecci\u00f3 de les persones f\u00edsiques (RGPD).<\/p>\n<p>L&#8217;\u00fas de lloc web implica l&#8217;acceptaci\u00f3 d&#8217;aquesta Pol\u00edtica de Privadesa aix\u00ed com les condicions incloses en l&#8217;Av\u00eds Legal.<\/p>\n<h3>Identitat del responsable<\/h3>\n<p>Titular: Associaci\u00f3 Bach Collegium Barcelona<br \/>NIF \/ CIF: G02717254<br \/>Domicili: C\/ de Rub\u00ed, 15, 08630 Abrera<br \/>Correu electr\u00f2nic: bcb@bachcollegiumbarcelona.com<br \/>Lloc Web: https:\/\/bachcollegiumbarcelona.com<\/p>\n<h3>Principis aplicats en el tractament de dades<\/h3>\n<p>En el tractament de les teves dades personals, el titular ha d&#8217;aplicar els seg\u00fcents principis que s&#8217;ajusten a les exig\u00e8ncies de el nou reglament europeu de protecci\u00f3 de dades:<\/p>\n<ul>\n<li>Principi de licitud, lleialtat i transpar\u00e8ncia: El Titular sempre requerir\u00e0 el consentiment per al tractament de les teves dades personals que pot ser per a un o diversos fins espec\u00edfics sobre els quals t&#8217;informar\u00e0 pr\u00e8viament amb absoluta transpar\u00e8ncia.<\/li>\n<li>Principi de minimitzaci\u00f3 de dades: El titular et sol\u00b7licitar\u00e0 nom\u00e9s les dades estrictament necess\u00e0ries per a la finalitat o les finalitats que els sol\u00b7licita.<\/li>\n<li>Principi de limitaci\u00f3 de l&#8217;termini de conservaci\u00f3: Les dades es mantindran durant el temps estrictament necessari per al cap o els caps de el tractament. El Titular t&#8217;informar\u00e0 de el termini de conservaci\u00f3 corresponent segons la finalitat. En el cas de subscripcions, el Titular revisar\u00e0 peri\u00f2dicament les llistes i eliminar\u00e0 aquells registres inactius durant un temps considerable.<\/li>\n<li>Principi d&#8217;integritat i confidencialitat: Les teves dades seran tractades de tal manera que la seva seguretat, confidencialitat i integritat estigui garantida. Has de saber que el Titular pren les precaucions necess\u00e0ries per evitar l&#8217;acc\u00e9s no autoritzat o \u00fas indegut de les dades dels seus usuaris per part de tercers.<\/li>\n<\/ul>\n<h3>Obtenci\u00f3 de dades personals<\/h3>\n<p>Per navegar per https:\/\/bachcollegiumbarcelona.com no cal que facilitis cap dada personal. Els casos en qu\u00e8 s\u00ed proporciones les teves dades personals s\u00f3n els seg\u00fcents:<\/p>\n<ul>\n<li>A l&#8217;contactar a trav\u00e9s dels formularis de contacte o enviar un correu electr\u00f2nic.<\/li>\n<\/ul>\n<h3>Els teus drets<\/h3>\n<p>El Titular t&#8217;informa que sobre les teves dades personals tens dret a:<\/p>\n<ul>\n<li>Sol\u00b7licitar l&#8217;acc\u00e9s a les dades emmagatzemades.<\/li>\n<li>Demana una rectificaci\u00f3 o la cancel\u00b7laci\u00f3.<\/li>\n<li>Sol\u00b7licitar la limitaci\u00f3 del seu tractament.<\/li>\n<li>Oposar-te al tractament.<\/li>\n<li>Sol\u00b7licitar la portabilitat de les teves dades.<\/li>\n<\/ul>\n<p>L&#8217;exercici d&#8217;aquests drets \u00e9s personal i per tant ha de ser exercit directament per l&#8217;interessat, sol\u00b7licitant-lo directament a la persona titular, el que significa que qualsevol client, subscriptor o col\u00b7laborador que hagi facilitat les seves dades en algun moment pot dirigir-se al Titular i demanar informaci\u00f3 sobre els dades que t\u00e9 emmagatzemades i com els ha obtingut, sol\u00b7licitar la rectificaci\u00f3 dels mateixos, sol\u00b7licitar la portabilitat de les seves dades personals, oposar-se a el tractament, limitar el seu \u00fas o sol\u00b7licitar la cancel\u00b7laci\u00f3 d&#8217;aquestes dades en els fitxers del Titular.<\/p>\n<p>Per exercitar els teus drets d&#8217;acc\u00e9s, rectificaci\u00f3, cancel\u00b7laci\u00f3, portabilitat i oposici\u00f3 has d&#8217;enviar un correu electr\u00f2nic a bcb@bachcollegiumbarcelona.com juntament amb la prova v\u00e0lida en dret com una fotoc\u00f2pia de l&#8217;D.N.I. o equivalent.<\/p>\n<p>Tens dret a la tutela judicial efectiva i a presentar una reclamaci\u00f3 davant l&#8217;autoritat de control, en aquest cas, l&#8217;Ag\u00e8ncia Espanyola de Protecci\u00f3 de Dades, si consideres que el tractament de dades personals que et concerneixen infringeix el Reglament.<\/p>\n<h3>Finalitat de el tractament de dades personals<\/h3>\n<p>Quan et connectes a el lloc web per enviar un correu a la persona titular, est\u00e0s facilitant informaci\u00f3 de car\u00e0cter personal de la qual el responsable \u00e9s el titular. Aquesta informaci\u00f3 pot incloure dades de car\u00e0cter personal com poden ser la teva adre\u00e7a IP, nom i cognoms, adre\u00e7a de correu electr\u00f2nic, n\u00famero de tel\u00e8fon, i una altra informaci\u00f3. Al facilitar aquesta informaci\u00f3, d\u00f3nes el teu consentiment perqu\u00e8 la teva informaci\u00f3 sigui recopilada, utilitzada, gestionada i emmagatzemada per BACH COLLEGIUM BARCELONA, nom\u00e9s com es descriu en l&#8217;Av\u00eds Legal i en la present Pol\u00edtica de Privacitat.<\/p>\n<p>Les dades personals i la finalitat del tractament per part del Titular \u00e9s diferent segons el sistema de captura d&#8217;informaci\u00f3:<\/p>\n<ul>\n<li>Formularis de contacte: El Titular sol\u00b7licita dades personals entre els quals poden estar: Nom i cognoms, adre\u00e7a de correu electr\u00f2nic, n\u00famero de tel\u00e8fon i adre\u00e7a del teu lloc web amb la finalitat de respondre a les teves consultes. Per exemple, el Titular utilitza aquestes dades per donar resposta a les teves missatges, dubtes, queixes, comentaris o inquietuds que puguis tenir relatives a la informaci\u00f3 inclosa en el lloc web, els serveis que es presten a trav\u00e9s de el lloc web, el tractament de les teves dades personals, q\u00fcestions referents als textos legals inclosos en el lloc web, aix\u00ed com qualsevol altra consulta que puguis tenir i que no estigui subjecta a les condicions de el lloc web o de la contractaci\u00f3.<\/li>\n<\/ul>\n<p>Existeixen altres finalitats per les quals el titular tracta les dades personals:<\/p>\n<ul>\n<li>Per garantir el compliment de les condicions recollides en l&#8217;Av\u00eds Legal i en la llei aplicable. Aix\u00f2 pot incloure el desenvolupament d&#8217;eines i algoritmes que ajudin a aquest lloc web a garantir la confidencialitat de les dades personals que recull.<\/li>\n<li>Per donar suport i millorar els serveis que ofereix aquest lloc web.<\/li>\n<li>Per analitzar la navegaci\u00f3. El Titular recull altres dades no identificatives que s&#8217;obtenen mitjan\u00e7ant l&#8217;\u00fas de cookies que es descarreguen en el teu ordinador quan navegues pel lloc web que les seves caracter\u00edsitiques i finalitat estan detallades en la Pol\u00edtica de Cookies.<\/li>\n<li>Per gestionar les xarxes socials. El Titular t\u00e9 pres\u00e8ncia en xarxes socials. Si et fas seguidor a les xarxes socials del Titular el tractament de les dades personals es regir\u00e0 per aquest apartat, aix\u00ed com per aquelles condicions d&#8217;\u00fas, pol\u00edtiques de privacitat i normatives d&#8217;acc\u00e9s que pertanyin a la xarxa social que procedeixi en cada cas i que has acceptat pr\u00e8viament.<\/li>\n<\/ul>\n<h3>Seguretat de les dades personals<\/h3>\n<p>Per protegir les teves dades personals, el Titular pren totes les precaucions raonables i segueix les millors pr\u00e0ctiques de la ind\u00fastria per evitar la seva p\u00e8rdua, mal \u00fas, acc\u00e9s indegut, divulgaci\u00f3, alteraci\u00f3 o destrucci\u00f3 dels mateixos.<\/p>\n<p>El lloc web est\u00e0 allotjat en Clouding.io. La seguretat de les teves dades est\u00e0 garantida, ja que prenen totes les mesures de seguretat necess\u00e0ries per a aix\u00f2. Pots consultar la seva pol\u00edtica de privacitat per tenir m\u00e9s informaci\u00f3.<\/p>\n<h3>Contingut d&#8217;altres llocs web<\/h3>\n<p>Les p\u00e0gines d&#8217;aquest lloc web poden incloure contingut incrustat (per exemple, v\u00eddeos, imatges, articles, etc.). El contingut incrustat d&#8217;altres web es comporta exactament de la mateixa manera que si haguessis visitat l&#8217;altra web. <\/p>\n<p>Aquests llocs web poden recopilar dades sobre tu, utilitzar cookies, incrustar un codi de seguiment addicional de tercers, i supervisar la teva interacci\u00f3 usant aquest codi.<\/p>\n<h3>Pol\u00edtica de Cookies<\/h3>\n<p>Perqu\u00e8 aquest lloc web funcioni correctament necessita utilitzar cookies, que \u00e9s una informaci\u00f3 que s&#8217;emmagatzema al navegador web.<br \/>A la p\u00e0gina Pol\u00edtica de Cookies pots consultar tota la informaci\u00f3 relativa a la pol\u00edtica de recollida, la finalitat i el tractament de les cookies.<\/p>\n<h3>Legitimaci\u00f3 per al tractament de dades<\/h3>\n<p>La base legal per al tractament de les teves dades \u00e9s: el consentiment.<\/p>\n<p>Per contactar amb el Titular, subscriure a un butllet\u00ed o fer comentaris en aquest lloc web has d&#8217;acceptar la present pol\u00edtica de privacitat.<br \/>navegaci\u00f3 Web<\/p>\n<p>A l&#8217;navegar per LLOC WEB es poden recollir dades no identificatives, que poden incloure, l&#8217;adre\u00e7a IP, geolocalitzaci\u00f3, un registre de com s&#8217;utilitzen els serveis i llocs, h\u00e0bits de navegaci\u00f3 i altres dades que no poden ser utilitzats per identificar-te.<\/p>\n<p>El lloc web utilitza els seg\u00fcents serveis d&#8217;an\u00e0lisi de tercers:<\/p>\n<ul>\n<li>Google Analytics<\/li>\n<\/ul>\n<p>El Titular utilitza la informaci\u00f3 obtinguda per obtenir dades estad\u00edstiques, analitzar tend\u00e8ncies, administrar el lloc, estudiar patrons de navegaci\u00f3 i per recopilar informaci\u00f3 demogr\u00e0fica.<\/p>\n<h3>Exactitud i veracitat de les dades personals<\/h3>\n<p>Et compromets a que les dades facilitades al Titular siguin correctes, complets, exactes i vigents, aix\u00ed com a mantenir-les degudament actualitzades.<\/p>\n<p>Com Usuari de el lloc web ets l&#8217;\u00fanic responsable de la veracitat i correcci\u00f3 de les dades que facis arribar a el lloc exonerant a l&#8217;Titular de qualsevol responsabilitat a l&#8217;respecte.<\/p>\n<h3>Acceptaci\u00f3 i consentiment<\/h3>\n<p>Com Usuari de el lloc web declares haver estat informat de les condicions sobre protecci\u00f3 de dades de car\u00e0cter personal, acceptes i consenteixes el tractament dels mateixos per part de l&#8217;Titular en la forma i per a les finalitats indicades en aquesta Pol\u00edtica de Privacitat.<br \/>revocabilitat<\/p>\n<p>Per exercitar els teus drets d&#8217;acc\u00e9s, rectificaci\u00f3, cancel\u00b7laci\u00f3, portabilitat i oposici\u00f3 has d&#8217;enviar un correu electr\u00f2nic a bcb@bachcollegiumbarcelona.com juntament amb la prova v\u00e0lida en dret com una fotoc\u00f2pia de l&#8217;D.N.I. o equivalent.<\/p>\n<p>L&#8217;exercici dels teus drets no inclou cap dada que el Titular estigui obligat a conservar amb fins administratius, legals o de seguretat.<\/p>\n<h3>Canvis en la Pol\u00edtica de Privacitat<\/h3>\n<p>El Titular es reserva el dret a modificar la present Pol\u00edtica de Privacitat per adaptar-la a novetats legislatives o jurisprudencials, aix\u00ed com a pr\u00e0ctiques de la ind\u00fastria.<\/p>\n<p>Aquestes pol\u00edtiques estaran vigents fins que siguin modificades per altres degudament publicades.<\/p>\n\t\t\t\t\t\t\t\t<\/div>\n\t\t\t\t<\/div>\n\t\t\t\t\t<\/div>\n\t\t<\/div>\n\t\t\t\t\t<\/div>\n\t\t<\/section>\n\t\t\t\t<\/div>\n\t\t","protected":false},"excerpt":{"rendered":"<p>Pol\u00edtica de privadesa BACH COLLEGIUM BARCELONA t&#8217;informa sobre la seva Pol\u00edtica de Privadesa respecte del tractament i protecci\u00f3 de les dades de car\u00e0cter personal dels usuaris que puguin ser recollides per la navegaci\u00f3 a trav\u00e9s de el lloc web https:\/\/bachcollegiumbarcelona.com En aquest sentit, el titular garanteix el compliment de la normativa vigent en mat\u00e8ria de [&hellip;]<\/p>\n","protected":false},"author":2,"featured_media":0,"parent":0,"menu_order":0,"comment_status":"closed","ping_status":"closed","template":"","meta":{"_acf_changed":false,"site-sidebar-layout":"default","site-content-layout":"default","ast-site-content-layout":"","site-content-style":"default","site-sidebar-style":"default","ast-global-header-display":"","ast-banner-title-visibility":"","ast-main-header-display":"","ast-hfb-above-header-display":"","ast-hfb-below-header-display":"","ast-hfb-mobile-header-display":"","site-post-title":"disabled","ast-breadcrumbs-content":"disabled","ast-featured-img":"disabled","footer-sml-layout":"","theme-transparent-header-meta":"default","adv-header-id-meta":"","stick-header-meta":"default","header-above-stick-meta":"","header-main-stick-meta":"","header-below-stick-meta":"","astra-migrate-meta-layouts":"default","ast-page-background-enabled":"default","ast-page-background-meta":{"desktop":{"background-color":"","background-image":"","background-repeat":"repeat","background-position":"center center","background-size":"auto","background-attachment":"scroll","background-type":"","background-media":"","overlay-type":"","overlay-color":"","overlay-opacity":"","overlay-gradient":""},"tablet":{"background-color":"","background-image":"","background-repeat":"repeat","background-position":"center center","background-size":"auto","background-attachment":"scroll","background-type":"","background-media":"","overlay-type":"","overlay-color":"","overlay-opacity":"","overlay-gradient":""},"mobile":{"background-color":"","background-image":"","background-repeat":"repeat","background-position":"center center","background-size":"auto","background-attachment":"scroll","background-type":"","background-media":"","overlay-type":"","overlay-color":"","overlay-opacity":"","overlay-gradient":""}},"ast-content-background-meta":{"desktop":{"background-color":"var(--ast-global-color-5)","background-image":"","background-repeat":"repeat","background-position":"center center","background-size":"auto","background-attachment":"scroll","background-type":"","background-media":"","overlay-type":"","overlay-color":"","overlay-opacity":"","overlay-gradient":""},"tablet":{"background-color":"var(--ast-global-color-5)","background-image":"","background-repeat":"repeat","background-position":"center center","background-size":"auto","background-attachment":"scroll","background-type":"","background-media":"","overlay-type":"","overlay-color":"","overlay-opacity":"","overlay-gradient":""},"mobile":{"background-color":"var(--ast-global-color-5)","background-image":"","background-repeat":"repeat","background-position":"center center","background-size":"auto","background-attachment":"scroll","background-type":"","background-media":"","overlay-type":"","overlay-color":"","overlay-opacity":"","overlay-gradient":""}},"footnotes":""},"class_list":["post-3191","page","type-page","status-publish","hentry"],"acf":[],"_links":{"self":[{"href":"https:\/\/bachcollegiumbarcelona.com\/es\/wp-json\/wp\/v2\/pages\/3191","targetHints":{"allow":["GET"]}}],"collection":[{"href":"https:\/\/bachcollegiumbarcelona.com\/es\/wp-json\/wp\/v2\/pages"}],"about":[{"href":"https:\/\/bachcollegiumbarcelona.com\/es\/wp-json\/wp\/v2\/types\/page"}],"author":[{"embeddable":true,"href":"https:\/\/bachcollegiumbarcelona.com\/es\/wp-json\/wp\/v2\/users\/2"}],"replies":[{"embeddable":true,"href":"https:\/\/bachcollegiumbarcelona.com\/es\/wp-json\/wp\/v2\/comments?post=3191"}],"version-history":[{"count":1,"href":"https:\/\/bachcollegiumbarcelona.com\/es\/wp-json\/wp\/v2\/pages\/3191\/revisions"}],"predecessor-version":[{"id":3192,"href":"https:\/\/bachcollegiumbarcelona.com\/es\/wp-json\/wp\/v2\/pages\/3191\/revisions\/3192"}],"wp:attachment":[{"href":"https:\/\/bachcollegiumbarcelona.com\/es\/wp-json\/wp\/v2\/media?parent=3191"}],"curies":[{"name":"wp","href":"https:\/\/api.w.org\/{rel}","templated":true}]}}