{"id":811,"date":"2021-03-20T17:56:41","date_gmt":"2021-03-20T16:56:41","guid":{"rendered":"https:\/\/bachcollegiumbarcelona.com\/discografia\/"},"modified":"2023-11-27T12:27:10","modified_gmt":"2023-11-27T11:27:10","slug":"discografia","status":"publish","type":"page","link":"https:\/\/bachcollegiumbarcelona.com\/es\/discografia\/","title":{"rendered":"Discograf\u00eda"},"content":{"rendered":"\t\t<div data-elementor-type=\"wp-page\" data-elementor-id=\"811\" class=\"elementor elementor-811 elementor-192\" data-elementor-post-type=\"page\">\n\t\t\t\t<div class=\"elementor-element elementor-element-2b13b4e e-flex e-con-boxed e-con e-parent\" data-id=\"2b13b4e\" data-element_type=\"container\">\n\t\t\t\t\t<div class=\"e-con-inner\">\n\t\t<div class=\"elementor-element elementor-element-d5a70c8 e-con-full e-flex e-con e-child\" data-id=\"d5a70c8\" data-element_type=\"container\">\n\t\t\t\t<div class=\"elementor-element elementor-element-7325b51 elementor-widget elementor-widget-heading\" data-id=\"7325b51\" data-element_type=\"widget\" data-widget_type=\"heading.default\">\n\t\t\t\t<div class=\"elementor-widget-container\">\n\t\t\t\t\t<h1 class=\"elementor-heading-title elementor-size-default\">Discograf\u00eda<\/h1>\t\t\t\t<\/div>\n\t\t\t\t<\/div>\n\t\t\t\t<\/div>\n\t\t\t\t\t<\/div>\n\t\t\t\t<\/div>\n\t\t<div class=\"elementor-element elementor-element-61a9af8 e-flex e-con-boxed e-con e-parent\" data-id=\"61a9af8\" data-element_type=\"container\">\n\t\t\t\t\t<div class=\"e-con-inner\">\n\t\t<div class=\"elementor-element elementor-element-c39b63a e-con-full e-flex e-con e-child\" data-id=\"c39b63a\" data-element_type=\"container\">\n\t\t\t\t<div class=\"elementor-element elementor-element-37fb452 elementor-widget elementor-widget-image\" data-id=\"37fb452\" data-element_type=\"widget\" data-widget_type=\"image.default\">\n\t\t\t\t<div class=\"elementor-widget-container\">\n\t\t\t\t\t\t\t\t\t\t\t\t\t\t\t<img fetchpriority=\"high\" decoding=\"async\" width=\"591\" height=\"591\" src=\"https:\/\/bachcollegiumbarcelona.com\/wp-content\/uploads\/2021\/03\/home-caratula.jpg\" class=\"attachment-full size-full wp-image-86\" alt=\"\" srcset=\"https:\/\/bachcollegiumbarcelona.com\/wp-content\/uploads\/2021\/03\/home-caratula.jpg 591w, https:\/\/bachcollegiumbarcelona.com\/wp-content\/uploads\/2021\/03\/home-caratula-300x300.jpg 300w, https:\/\/bachcollegiumbarcelona.com\/wp-content\/uploads\/2021\/03\/home-caratula-150x150.jpg 150w, https:\/\/bachcollegiumbarcelona.com\/wp-content\/uploads\/2021\/03\/elementor\/thumbs\/home-caratula-p49u6hanlo09vh3ihben1589n8qmkam6lin2gfvh5k.jpg 220w\" sizes=\"(max-width: 591px) 100vw, 591px\" \/>\t\t\t\t\t\t\t\t\t\t\t\t\t\t\t<\/div>\n\t\t\t\t<\/div>\n\t\t\t\t<\/div>\n\t\t<div class=\"elementor-element elementor-element-52e9b14 e-con-full e-flex e-con e-child\" data-id=\"52e9b14\" data-element_type=\"container\">\n\t\t\t\t<div class=\"elementor-element elementor-element-8cdefbd elementor-widget elementor-widget-heading\" data-id=\"8cdefbd\" data-element_type=\"widget\" data-widget_type=\"heading.default\">\n\t\t\t\t<div class=\"elementor-widget-container\">\n\t\t\t\t\t<h2 class=\"elementor-heading-title elementor-size-default\">Bach ist meine freude!<\/h2>\t\t\t\t<\/div>\n\t\t\t\t<\/div>\n\t\t\t\t<div class=\"elementor-element elementor-element-1d1fc38 elementor-widget elementor-widget-heading\" data-id=\"1d1fc38\" data-element_type=\"widget\" data-widget_type=\"heading.default\">\n\t\t\t\t<div class=\"elementor-widget-container\">\n\t\t\t\t\t<p class=\"elementor-heading-title elementor-size-default\">Bach Collegium Barcelona<\/p>\t\t\t\t<\/div>\n\t\t\t\t<\/div>\n\t\t\t\t<div class=\"elementor-element elementor-element-f72a072 elementor-align-center elementor-widget elementor-widget-button\" data-id=\"f72a072\" data-element_type=\"widget\" data-widget_type=\"button.default\">\n\t\t\t\t<div class=\"elementor-widget-container\">\n\t\t\t\t\t\t\t\t\t<div class=\"elementor-button-wrapper\">\n\t\t\t\t\t<a class=\"elementor-button elementor-button-link elementor-size-sm\" href=\"https:\/\/bachcollegiumbarcelona.com\/discografia\/bach-ist-meine-freude\/\">\n\t\t\t\t\t\t<span class=\"elementor-button-content-wrapper\">\n\t\t\t\t\t\t\t\t\t<span class=\"elementor-button-text\">Esc\u00fachalo ahora<\/span>\n\t\t\t\t\t<\/span>\n\t\t\t\t\t<\/a>\n\t\t\t\t<\/div>\n\t\t\t\t\t\t\t\t<\/div>\n\t\t\t\t<\/div>\n\t\t\t\t<\/div>\n\t\t\t\t\t<\/div>\n\t\t\t\t<\/div>\n\t\t<div class=\"elementor-element elementor-element-9e7a1ac e-flex e-con-boxed e-con e-parent\" data-id=\"9e7a1ac\" data-element_type=\"container\">\n\t\t\t\t\t<div class=\"e-con-inner\">\n\t\t<div class=\"elementor-element elementor-element-95b3ea5 e-con-full e-flex e-con e-child\" data-id=\"95b3ea5\" data-element_type=\"container\">\n\t\t\t\t<div class=\"elementor-element elementor-element-080dd45 elementor-widget elementor-widget-heading\" data-id=\"080dd45\" data-element_type=\"widget\" data-widget_type=\"heading.default\">\n\t\t\t\t<div class=\"elementor-widget-container\">\n\t\t\t\t\t<h2 class=\"elementor-heading-title elementor-size-default\">Still life<\/h2>\t\t\t\t<\/div>\n\t\t\t\t<\/div>\n\t\t\t\t<div class=\"elementor-element elementor-element-416233b elementor-widget elementor-widget-heading\" data-id=\"416233b\" data-element_type=\"widget\" data-widget_type=\"heading.default\">\n\t\t\t\t<div class=\"elementor-widget-container\">\n\t\t\t\t\t<p class=\"elementor-heading-title elementor-size-default\">Adriana Alcaide<\/p>\t\t\t\t<\/div>\n\t\t\t\t<\/div>\n\t\t\t\t<div class=\"elementor-element elementor-element-96167fb elementor-align-center elementor-widget elementor-widget-button\" data-id=\"96167fb\" data-element_type=\"widget\" data-widget_type=\"button.default\">\n\t\t\t\t<div class=\"elementor-widget-container\">\n\t\t\t\t\t\t\t\t\t<div class=\"elementor-button-wrapper\">\n\t\t\t\t\t<a class=\"elementor-button elementor-button-link elementor-size-sm\" href=\"https:\/\/bachcollegiumbarcelona.com\/discografia\/still-life\/\">\n\t\t\t\t\t\t<span class=\"elementor-button-content-wrapper\">\n\t\t\t\t\t\t\t\t\t<span class=\"elementor-button-text\">Esc\u00fachalo ahora<\/span>\n\t\t\t\t\t<\/span>\n\t\t\t\t\t<\/a>\n\t\t\t\t<\/div>\n\t\t\t\t\t\t\t\t<\/div>\n\t\t\t\t<\/div>\n\t\t\t\t<\/div>\n\t\t<div class=\"elementor-element elementor-element-0b91142 e-con-full e-flex e-con e-child\" data-id=\"0b91142\" data-element_type=\"container\">\n\t\t\t\t<div class=\"elementor-element elementor-element-3ac0520 elementor-widget elementor-widget-image\" data-id=\"3ac0520\" data-element_type=\"widget\" data-widget_type=\"image.default\">\n\t\t\t\t<div class=\"elementor-widget-container\">\n\t\t\t\t\t\t\t\t\t\t\t\t\t\t\t<img decoding=\"async\" width=\"500\" height=\"500\" src=\"https:\/\/bachcollegiumbarcelona.com\/wp-content\/uploads\/2023\/11\/still-life.jpg\" class=\"attachment-full size-full wp-image-2948\" alt=\"\" srcset=\"https:\/\/bachcollegiumbarcelona.com\/wp-content\/uploads\/2023\/11\/still-life.jpg 500w, https:\/\/bachcollegiumbarcelona.com\/wp-content\/uploads\/2023\/11\/still-life-300x300.jpg 300w, https:\/\/bachcollegiumbarcelona.com\/wp-content\/uploads\/2023\/11\/still-life-150x150.jpg 150w\" sizes=\"(max-width: 500px) 100vw, 500px\" \/>\t\t\t\t\t\t\t\t\t\t\t\t\t\t\t<\/div>\n\t\t\t\t<\/div>\n\t\t\t\t<\/div>\n\t\t\t\t\t<\/div>\n\t\t\t\t<\/div>\n\t\t\t\t<\/div>\n\t\t","protected":false},"excerpt":{"rendered":"<p>Discograf\u00eda Bach ist meine freude! Bach Collegium Barcelona Esc\u00fachalo ahora Still life Adriana Alcaide Esc\u00fachalo ahora<\/p>\n","protected":false},"author":2,"featured_media":0,"parent":0,"menu_order":0,"comment_status":"closed","ping_status":"closed","template":"elementor_header_footer","meta":{"_acf_changed":false,"site-sidebar-layout":"no-sidebar","site-content-layout":"page-builder","ast-site-content-layout":"","site-content-style":"default","site-sidebar-style":"default","ast-global-header-display":"","ast-banner-title-visibility":"","ast-main-header-display":"","ast-hfb-above-header-display":"","ast-hfb-below-header-display":"","ast-hfb-mobile-header-display":"","site-post-title":"disabled","ast-breadcrumbs-content":"disabled","ast-featured-img":"disabled","footer-sml-layout":"","theme-transparent-header-meta":"default","adv-header-id-meta":"","stick-header-meta":"default","header-above-stick-meta":"","header-main-stick-meta":"","header-below-stick-meta":"","astra-migrate-meta-layouts":"default","ast-page-background-enabled":"default","ast-page-background-meta":{"desktop":{"background-color":"","background-image":"","background-repeat":"repeat","background-position":"center center","background-size":"auto","background-attachment":"scroll","background-type":"","background-media":"","overlay-type":"","overlay-color":"","overlay-opacity":"","overlay-gradient":""},"tablet":{"background-color":"","background-image":"","background-repeat":"repeat","background-position":"center center","background-size":"auto","background-attachment":"scroll","background-type":"","background-media":"","overlay-type":"","overlay-color":"","overlay-opacity":"","overlay-gradient":""},"mobile":{"background-color":"","background-image":"","background-repeat":"repeat","background-position":"center center","background-size":"auto","background-attachment":"scroll","background-type":"","background-media":"","overlay-type":"","overlay-color":"","overlay-opacity":"","overlay-gradient":""}},"ast-content-background-meta":{"desktop":{"background-color":"var(--ast-global-color-5)","background-image":"","background-repeat":"repeat","background-position":"center center","background-size":"auto","background-attachment":"scroll","background-type":"","background-media":"","overlay-type":"","overlay-color":"","overlay-opacity":"","overlay-gradient":""},"tablet":{"background-color":"var(--ast-global-color-5)","background-image":"","background-repeat":"repeat","background-position":"center center","background-size":"auto","background-attachment":"scroll","background-type":"","background-media":"","overlay-type":"","overlay-color":"","overlay-opacity":"","overlay-gradient":""},"mobile":{"background-color":"var(--ast-global-color-5)","background-image":"","background-repeat":"repeat","background-position":"center center","background-size":"auto","background-attachment":"scroll","background-type":"","background-media":"","overlay-type":"","overlay-color":"","overlay-opacity":"","overlay-gradient":""}},"footnotes":""},"class_list":["post-811","page","type-page","status-publish","hentry"],"acf":[],"_links":{"self":[{"href":"https:\/\/bachcollegiumbarcelona.com\/es\/wp-json\/wp\/v2\/pages\/811","targetHints":{"allow":["GET"]}}],"collection":[{"href":"https:\/\/bachcollegiumbarcelona.com\/es\/wp-json\/wp\/v2\/pages"}],"about":[{"href":"https:\/\/bachcollegiumbarcelona.com\/es\/wp-json\/wp\/v2\/types\/page"}],"author":[{"embeddable":true,"href":"https:\/\/bachcollegiumbarcelona.com\/es\/wp-json\/wp\/v2\/users\/2"}],"replies":[{"embeddable":true,"href":"https:\/\/bachcollegiumbarcelona.com\/es\/wp-json\/wp\/v2\/comments?post=811"}],"version-history":[{"count":9,"href":"https:\/\/bachcollegiumbarcelona.com\/es\/wp-json\/wp\/v2\/pages\/811\/revisions"}],"predecessor-version":[{"id":3079,"href":"https:\/\/bachcollegiumbarcelona.com\/es\/wp-json\/wp\/v2\/pages\/811\/revisions\/3079"}],"wp:attachment":[{"href":"https:\/\/bachcollegiumbarcelona.com\/es\/wp-json\/wp\/v2\/media?parent=811"}],"curies":[{"name":"wp","href":"https:\/\/api.w.org\/{rel}","templated":true}]}}