{"id":857,"date":"2021-03-20T18:25:33","date_gmt":"2021-03-20T17:25:33","guid":{"rendered":"https:\/\/bachcollegiumbarcelona.com\/sobre-bcb\/"},"modified":"2023-11-27T12:28:47","modified_gmt":"2023-11-27T11:28:47","slug":"sobre-bcb","status":"publish","type":"page","link":"https:\/\/bachcollegiumbarcelona.com\/es\/sobre-bcb\/","title":{"rendered":"Sobre BCB"},"content":{"rendered":"\t\t<div data-elementor-type=\"wp-page\" data-elementor-id=\"857\" class=\"elementor elementor-857 elementor-122\" data-elementor-post-type=\"page\">\n\t\t\t\t\t\t<section class=\"elementor-section elementor-top-section elementor-element elementor-element-f5f53a7 elementor-section-full_width elementor-section-height-default elementor-section-height-default\" data-id=\"f5f53a7\" data-element_type=\"section\">\n\t\t\t\t\t\t<div class=\"elementor-container elementor-column-gap-default\">\n\t\t\t\t\t<div class=\"elementor-column elementor-col-100 elementor-top-column elementor-element elementor-element-a7674dc\" data-id=\"a7674dc\" data-element_type=\"column\">\n\t\t\t<div class=\"elementor-widget-wrap elementor-element-populated\">\n\t\t\t\t\t\t<div class=\"elementor-element elementor-element-ae2f86a elementor-widget elementor-widget-spacer\" data-id=\"ae2f86a\" data-element_type=\"widget\" data-widget_type=\"spacer.default\">\n\t\t\t\t<div class=\"elementor-widget-container\">\n\t\t\t\t\t\t\t<div class=\"elementor-spacer\">\n\t\t\t<div class=\"elementor-spacer-inner\"><\/div>\n\t\t<\/div>\n\t\t\t\t\t\t<\/div>\n\t\t\t\t<\/div>\n\t\t\t\t<section class=\"elementor-section elementor-inner-section elementor-element elementor-element-0a61b58 elementor-section-boxed elementor-section-height-default elementor-section-height-default\" data-id=\"0a61b58\" data-element_type=\"section\">\n\t\t\t\t\t\t<div class=\"elementor-container elementor-column-gap-default\">\n\t\t\t\t\t<div class=\"elementor-column elementor-col-33 elementor-inner-column elementor-element elementor-element-76be85c\" data-id=\"76be85c\" data-element_type=\"column\">\n\t\t\t<div class=\"elementor-widget-wrap elementor-element-populated\">\n\t\t\t\t\t\t<div class=\"elementor-element elementor-element-5c87521 elementor-widget elementor-widget-icon-box\" data-id=\"5c87521\" data-element_type=\"widget\" data-widget_type=\"icon-box.default\">\n\t\t\t\t<div class=\"elementor-widget-container\">\n\t\t\t\t\t\t\t<div class=\"elementor-icon-box-wrapper\">\n\n\t\t\t\n\t\t\t\t\t\t<div class=\"elementor-icon-box-content\">\n\n\t\t\t\t\t\t\t\t\t<h3 class=\"elementor-icon-box-title\">\n\t\t\t\t\t\t<span  >\n\t\t\t\t\t\t\tMissi\u00f3\t\t\t\t\t\t<\/span>\n\t\t\t\t\t<\/h3>\n\t\t\t\t\n\t\t\t\t\t\t\t\t\t<p class=\"elementor-icon-box-description\">\n\t\t\t\t\t\tCrear projectes art\u00edstics que inclouen elements de proximitat entre la m\u00fasica i el p\u00fablic amb l'objectiu d'apropar la m\u00fasica antiga al temps actual\n\t\t\t\t\t<\/p>\n\t\t\t\t\n\t\t\t<\/div>\n\t\t\t\n\t\t<\/div>\n\t\t\t\t\t\t<\/div>\n\t\t\t\t<\/div>\n\t\t\t\t\t<\/div>\n\t\t<\/div>\n\t\t\t\t<div class=\"elementor-column elementor-col-33 elementor-inner-column elementor-element elementor-element-6d655ba\" data-id=\"6d655ba\" data-element_type=\"column\">\n\t\t\t<div class=\"elementor-widget-wrap elementor-element-populated\">\n\t\t\t\t\t\t<div class=\"elementor-element elementor-element-832e1c7 elementor-widget elementor-widget-icon-box\" data-id=\"832e1c7\" data-element_type=\"widget\" data-widget_type=\"icon-box.default\">\n\t\t\t\t<div class=\"elementor-widget-container\">\n\t\t\t\t\t\t\t<div class=\"elementor-icon-box-wrapper\">\n\n\t\t\t\n\t\t\t\t\t\t<div class=\"elementor-icon-box-content\">\n\n\t\t\t\t\t\t\t\t\t<h3 class=\"elementor-icon-box-title\">\n\t\t\t\t\t\t<span  >\n\t\t\t\t\t\t\tVisi\u00f3\t\t\t\t\t\t<\/span>\n\t\t\t\t\t<\/h3>\n\t\t\t\t\n\t\t\t\t\t\t\t\t\t<p class=\"elementor-icon-box-description\">\n\t\t\t\t\t\tConvertir la m\u00fasica antiga en una experi\u00e8ncia viva i transformadora, que transcendeix la realitat quotidiana a trav\u00e9s de la bellesa\n\t\t\t\t\t<\/p>\n\t\t\t\t\n\t\t\t<\/div>\n\t\t\t\n\t\t<\/div>\n\t\t\t\t\t\t<\/div>\n\t\t\t\t<\/div>\n\t\t\t\t\t<\/div>\n\t\t<\/div>\n\t\t\t\t<div class=\"elementor-column elementor-col-33 elementor-inner-column elementor-element elementor-element-07082ef\" data-id=\"07082ef\" data-element_type=\"column\">\n\t\t\t<div class=\"elementor-widget-wrap elementor-element-populated\">\n\t\t\t\t\t\t<div class=\"elementor-element elementor-element-47c1844 elementor-widget elementor-widget-icon-box\" data-id=\"47c1844\" data-element_type=\"widget\" data-widget_type=\"icon-box.default\">\n\t\t\t\t<div class=\"elementor-widget-container\">\n\t\t\t\t\t\t\t<div class=\"elementor-icon-box-wrapper\">\n\n\t\t\t\n\t\t\t\t\t\t<div class=\"elementor-icon-box-content\">\n\n\t\t\t\t\t\t\t\t\t<h3 class=\"elementor-icon-box-title\">\n\t\t\t\t\t\t<span  >\n\t\t\t\t\t\t\tValors\t\t\t\t\t\t<\/span>\n\t\t\t\t\t<\/h3>\n\t\t\t\t\n\t\t\t\t\t\t\t\t\t<p class=\"elementor-icon-box-description\">\n\t\t\t\t\t\tExcel\u00b7l\u00e8ncia<br>\nParicipaci\u00f3<br>\nInnovaci\u00f3<br>\nEmoci\u00f3<br>\nTransformaci\u00f3\t\t\t\t\t<\/p>\n\t\t\t\t\n\t\t\t<\/div>\n\t\t\t\n\t\t<\/div>\n\t\t\t\t\t\t<\/div>\n\t\t\t\t<\/div>\n\t\t\t\t\t<\/div>\n\t\t<\/div>\n\t\t\t\t\t<\/div>\n\t\t<\/section>\n\t\t\t\t\t<\/div>\n\t\t<\/div>\n\t\t\t\t\t<\/div>\n\t\t<\/section>\n\t\t\t\t<section class=\"elementor-section elementor-top-section elementor-element elementor-element-3c83e69 elementor-section-boxed elementor-section-height-default elementor-section-height-default\" data-id=\"3c83e69\" data-element_type=\"section\">\n\t\t\t\t\t\t<div class=\"elementor-container elementor-column-gap-default\">\n\t\t\t\t\t<div class=\"elementor-column elementor-col-50 elementor-top-column elementor-element elementor-element-eb845a0\" data-id=\"eb845a0\" data-element_type=\"column\" data-settings=\"{&quot;background_background&quot;:&quot;classic&quot;}\">\n\t\t\t<div class=\"elementor-widget-wrap elementor-element-populated\">\n\t\t\t\t\t\t<div class=\"elementor-element elementor-element-88f7ca8 elementor-widget elementor-widget-image\" data-id=\"88f7ca8\" data-element_type=\"widget\" data-widget_type=\"image.default\">\n\t\t\t\t<div class=\"elementor-widget-container\">\n\t\t\t\t\t\t\t\t\t\t\t\t\t\t\t<img fetchpriority=\"high\" decoding=\"async\" width=\"884\" height=\"1024\" src=\"https:\/\/bachcollegiumbarcelona.com\/wp-content\/uploads\/2022\/07\/20220617_191925-884x1024.jpeg\" class=\"attachment-large size-large wp-image-2411\" alt=\"\" srcset=\"https:\/\/bachcollegiumbarcelona.com\/wp-content\/uploads\/2022\/07\/20220617_191925-884x1024.jpeg 884w, https:\/\/bachcollegiumbarcelona.com\/wp-content\/uploads\/2022\/07\/20220617_191925-259x300.jpeg 259w, https:\/\/bachcollegiumbarcelona.com\/wp-content\/uploads\/2022\/07\/20220617_191925-768x890.jpeg 768w, https:\/\/bachcollegiumbarcelona.com\/wp-content\/uploads\/2022\/07\/20220617_191925-1326x1536.jpeg 1326w, https:\/\/bachcollegiumbarcelona.com\/wp-content\/uploads\/2022\/07\/20220617_191925.jpeg 1761w\" sizes=\"(max-width: 884px) 100vw, 884px\" \/>\t\t\t\t\t\t\t\t\t\t\t\t\t\t\t<\/div>\n\t\t\t\t<\/div>\n\t\t\t\t\t<\/div>\n\t\t<\/div>\n\t\t\t\t<div class=\"elementor-column elementor-col-50 elementor-top-column elementor-element elementor-element-10f7978\" data-id=\"10f7978\" data-element_type=\"column\">\n\t\t\t<div class=\"elementor-widget-wrap elementor-element-populated\">\n\t\t\t\t\t\t<div class=\"elementor-element elementor-element-9658d7b elementor-widget elementor-widget-text-editor\" data-id=\"9658d7b\" data-element_type=\"widget\" data-widget_type=\"text-editor.default\">\n\t\t\t\t<div class=\"elementor-widget-container\">\n\t\t\t\t\t\t\t\t\t<p>Fundat l\u2019any 2018 i dirigit per Pau Jorquera, el Bach Collegium Barcelona (BCB) \u00e9s un cor i orquestra professional especialitzats en la interpretaci\u00f3 de la m\u00fasica antiga. La missi\u00f3 de BCB \u00e9s promoure i difondre la m\u00fasica antiga, especialment de J.S.Bach, a trav\u00e9s de projectes art\u00edstics que inclouen elements de proximitat entre la mateixa m\u00fasica i el p\u00fablic. Adriana Alcaide, violinista especialitzada en m\u00fasica antiga, amb una reconeguda traject\u00f2ria en diversos conjunts internacionals, \u00e9s qui lidera l&#8217;orquestra del Bach Collegium Barcelona.<\/p>\n<p>Paralel.lament, el BCB impulsa el <a target=\"_blank\" href=\"https:\/\/bachcollegiumbarcelona.com\/es\/mitsingen\/\" rel=\"noopener\"><b>Mitsingen Bach Collegium<\/b><\/a>, una iniciativa coral iniciada el 2011, en el marc de la qual ha interpretat m\u00e9s de 50 cantates del cicle integral de les cantates de J.S.Bach, en format participatiu.<\/p>\n\t\t\t\t\t\t\t\t<\/div>\n\t\t\t\t<\/div>\n\t\t\t\t\t<\/div>\n\t\t<\/div>\n\t\t\t\t\t<\/div>\n\t\t<\/section>\n\t\t\t\t<section class=\"elementor-section elementor-top-section elementor-element elementor-element-a1cf48a elementor-section-boxed elementor-section-height-default elementor-section-height-default\" data-id=\"a1cf48a\" data-element_type=\"section\">\n\t\t\t\t\t\t<div class=\"elementor-container elementor-column-gap-default\">\n\t\t\t\t\t<div class=\"elementor-column elementor-col-100 elementor-top-column elementor-element elementor-element-743fb9a\" data-id=\"743fb9a\" data-element_type=\"column\">\n\t\t\t<div class=\"elementor-widget-wrap elementor-element-populated\">\n\t\t\t\t\t\t<section class=\"elementor-section elementor-inner-section elementor-element elementor-element-338b8a8 elementor-section-content-middle elementor-reverse-mobile elementor-section-boxed elementor-section-height-default elementor-section-height-default\" data-id=\"338b8a8\" data-element_type=\"section\">\n\t\t\t\t\t\t<div class=\"elementor-container elementor-column-gap-default\">\n\t\t\t\t\t<div class=\"elementor-column elementor-col-50 elementor-inner-column elementor-element elementor-element-be53b5f\" data-id=\"be53b5f\" data-element_type=\"column\">\n\t\t\t<div class=\"elementor-widget-wrap elementor-element-populated\">\n\t\t\t\t\t\t<div class=\"elementor-element elementor-element-241cc95 elementor-widget elementor-widget-html\" data-id=\"241cc95\" data-element_type=\"widget\" data-widget_type=\"html.default\">\n\t\t\t\t<div class=\"elementor-widget-container\">\n\t\t\t\t\t<a class=\"animated-arrow\" href=\"https:\/\/bachcollegiumbarcelona.com\/es\/sobre-bcb\/pau-jorquera\/\">\n        <span class=\"the-arrow -left\">\n          <span class=\"shaft\"><\/span>\n        <\/span>\n        <span class=\"main\">\n          <p class=\"text-pau-sobre-bcb-m\">\n Pau Jorquera\n          <\/p>\n          <span class=\"the-arrow -right\">\n            <span class=\"shaft\"><\/span>\n          <\/span>\n        <\/span>\n      <\/a>\t\t\t\t<\/div>\n\t\t\t\t<\/div>\n\t\t\t\t\t<\/div>\n\t\t<\/div>\n\t\t\t\t<div class=\"elementor-column elementor-col-50 elementor-inner-column elementor-element elementor-element-e1eb1ef\" data-id=\"e1eb1ef\" data-element_type=\"column\">\n\t\t\t<div class=\"elementor-widget-wrap elementor-element-populated\">\n\t\t\t\t\t\t<div class=\"elementor-element elementor-element-bbcfd0f elementor-widget elementor-widget-image\" data-id=\"bbcfd0f\" data-element_type=\"widget\" data-widget_type=\"image.default\">\n\t\t\t\t<div class=\"elementor-widget-container\">\n\t\t\t\t\t\t\t\t\t\t\t\t\t\t\t<img decoding=\"async\" width=\"2048\" height=\"1365\" src=\"https:\/\/bachcollegiumbarcelona.com\/wp-content\/uploads\/2022\/04\/pau-jorquera.jpg\" class=\"attachment-full size-full wp-image-2373\" alt=\"\" srcset=\"https:\/\/bachcollegiumbarcelona.com\/wp-content\/uploads\/2022\/04\/pau-jorquera.jpg 2048w, https:\/\/bachcollegiumbarcelona.com\/wp-content\/uploads\/2022\/04\/pau-jorquera-300x200.jpg 300w, https:\/\/bachcollegiumbarcelona.com\/wp-content\/uploads\/2022\/04\/pau-jorquera-1024x683.jpg 1024w, https:\/\/bachcollegiumbarcelona.com\/wp-content\/uploads\/2022\/04\/pau-jorquera-768x512.jpg 768w, https:\/\/bachcollegiumbarcelona.com\/wp-content\/uploads\/2022\/04\/pau-jorquera-1536x1024.jpg 1536w\" sizes=\"(max-width: 2048px) 100vw, 2048px\" \/>\t\t\t\t\t\t\t\t\t\t\t\t\t\t\t<\/div>\n\t\t\t\t<\/div>\n\t\t\t\t\t<\/div>\n\t\t<\/div>\n\t\t\t\t\t<\/div>\n\t\t<\/section>\n\t\t\t\t<section class=\"elementor-section elementor-inner-section elementor-element elementor-element-4821de2 elementor-section-content-middle elementor-reverse-mobile elementor-section-boxed elementor-section-height-default elementor-section-height-default\" data-id=\"4821de2\" data-element_type=\"section\">\n\t\t\t\t\t\t<div class=\"elementor-container elementor-column-gap-default\">\n\t\t\t\t\t<div class=\"elementor-column elementor-col-50 elementor-inner-column elementor-element elementor-element-6271db2\" data-id=\"6271db2\" data-element_type=\"column\">\n\t\t\t<div class=\"elementor-widget-wrap elementor-element-populated\">\n\t\t\t\t\t\t<div class=\"elementor-element elementor-element-f179f7b elementor-widget elementor-widget-html\" data-id=\"f179f7b\" data-element_type=\"widget\" data-widget_type=\"html.default\">\n\t\t\t\t<div class=\"elementor-widget-container\">\n\t\t\t\t\t<a class=\"animated-arrow\" href=\"https:\/\/bachcollegiumbarcelona.com\/es\/sobre-bcb\/adriana-alcaide\/\">\n        <span class=\"the-arrow -left\">\n          <span class=\"shaft\"><\/span>\n        <\/span>\n        <span class=\"main\">\n          <p class=\"text-adriana-sobre-bcb-m\">\n Adriana Alcaide\n          <\/p>\n          <span class=\"the-arrow -right\">\n            <span class=\"shaft\"><\/span>\n          <\/span>\n        <\/span>\n      <\/a>\t\t\t\t<\/div>\n\t\t\t\t<\/div>\n\t\t\t\t\t<\/div>\n\t\t<\/div>\n\t\t\t\t<div class=\"elementor-column elementor-col-50 elementor-inner-column elementor-element elementor-element-11209b0\" data-id=\"11209b0\" data-element_type=\"column\">\n\t\t\t<div class=\"elementor-widget-wrap elementor-element-populated\">\n\t\t\t\t\t\t<div class=\"elementor-element elementor-element-91a4b0e elementor-widget elementor-widget-image\" data-id=\"91a4b0e\" data-element_type=\"widget\" data-widget_type=\"image.default\">\n\t\t\t\t<div class=\"elementor-widget-container\">\n\t\t\t\t\t\t\t\t\t\t\t\t\t\t\t<img decoding=\"async\" width=\"600\" height=\"400\" src=\"https:\/\/bachcollegiumbarcelona.com\/wp-content\/uploads\/2021\/03\/home-sobre-bcb-adriana.jpg\" class=\"attachment-full size-full wp-image-101\" alt=\"\" srcset=\"https:\/\/bachcollegiumbarcelona.com\/wp-content\/uploads\/2021\/03\/home-sobre-bcb-adriana.jpg 600w, https:\/\/bachcollegiumbarcelona.com\/wp-content\/uploads\/2021\/03\/home-sobre-bcb-adriana-300x200.jpg 300w\" sizes=\"(max-width: 600px) 100vw, 600px\" \/>\t\t\t\t\t\t\t\t\t\t\t\t\t\t\t<\/div>\n\t\t\t\t<\/div>\n\t\t\t\t\t<\/div>\n\t\t<\/div>\n\t\t\t\t\t<\/div>\n\t\t<\/section>\n\t\t\t\t\t<\/div>\n\t\t<\/div>\n\t\t\t\t\t<\/div>\n\t\t<\/section>\n\t\t\t\t<\/div>\n\t\t","protected":false},"excerpt":{"rendered":"<p>Missi\u00f3 Crear projectes art\u00edstics que inclouen elements de proximitat entre la m\u00fasica i el p\u00fablic amb l&#8217;objectiu d&#8217;apropar la m\u00fasica antiga al temps actual Visi\u00f3 Convertir la m\u00fasica antiga en una experi\u00e8ncia viva i transformadora, que transcendeix la realitat quotidiana a trav\u00e9s de la bellesa Valors Excel\u00b7l\u00e8ncia Paricipaci\u00f3 Innovaci\u00f3 Emoci\u00f3 Transformaci\u00f3 Fundat l\u2019any 2018 i [&hellip;]<\/p>\n","protected":false},"author":2,"featured_media":0,"parent":0,"menu_order":0,"comment_status":"closed","ping_status":"closed","template":"elementor_header_footer","meta":{"_acf_changed":false,"site-sidebar-layout":"no-sidebar","site-content-layout":"page-builder","ast-site-content-layout":"","site-content-style":"default","site-sidebar-style":"default","ast-global-header-display":"","ast-banner-title-visibility":"","ast-main-header-display":"","ast-hfb-above-header-display":"","ast-hfb-below-header-display":"","ast-hfb-mobile-header-display":"","site-post-title":"disabled","ast-breadcrumbs-content":"disabled","ast-featured-img":"disabled","footer-sml-layout":"","theme-transparent-header-meta":"default","adv-header-id-meta":"","stick-header-meta":"default","header-above-stick-meta":"","header-main-stick-meta":"","header-below-stick-meta":"","astra-migrate-meta-layouts":"default","ast-page-background-enabled":"default","ast-page-background-meta":{"desktop":{"background-color":"","background-image":"","background-repeat":"repeat","background-position":"center center","background-size":"auto","background-attachment":"scroll","background-type":"","background-media":"","overlay-type":"","overlay-color":"","overlay-opacity":"","overlay-gradient":""},"tablet":{"background-color":"","background-image":"","background-repeat":"repeat","background-position":"center center","background-size":"auto","background-attachment":"scroll","background-type":"","background-media":"","overlay-type":"","overlay-color":"","overlay-opacity":"","overlay-gradient":""},"mobile":{"background-color":"","background-image":"","background-repeat":"repeat","background-position":"center center","background-size":"auto","background-attachment":"scroll","background-type":"","background-media":"","overlay-type":"","overlay-color":"","overlay-opacity":"","overlay-gradient":""}},"ast-content-background-meta":{"desktop":{"background-color":"var(--ast-global-color-5)","background-image":"","background-repeat":"repeat","background-position":"center center","background-size":"auto","background-attachment":"scroll","background-type":"","background-media":"","overlay-type":"","overlay-color":"","overlay-opacity":"","overlay-gradient":""},"tablet":{"background-color":"var(--ast-global-color-5)","background-image":"","background-repeat":"repeat","background-position":"center center","background-size":"auto","background-attachment":"scroll","background-type":"","background-media":"","overlay-type":"","overlay-color":"","overlay-opacity":"","overlay-gradient":""},"mobile":{"background-color":"var(--ast-global-color-5)","background-image":"","background-repeat":"repeat","background-position":"center center","background-size":"auto","background-attachment":"scroll","background-type":"","background-media":"","overlay-type":"","overlay-color":"","overlay-opacity":"","overlay-gradient":""}},"footnotes":""},"class_list":["post-857","page","type-page","status-publish","hentry"],"acf":[],"_links":{"self":[{"href":"https:\/\/bachcollegiumbarcelona.com\/es\/wp-json\/wp\/v2\/pages\/857","targetHints":{"allow":["GET"]}}],"collection":[{"href":"https:\/\/bachcollegiumbarcelona.com\/es\/wp-json\/wp\/v2\/pages"}],"about":[{"href":"https:\/\/bachcollegiumbarcelona.com\/es\/wp-json\/wp\/v2\/types\/page"}],"author":[{"embeddable":true,"href":"https:\/\/bachcollegiumbarcelona.com\/es\/wp-json\/wp\/v2\/users\/2"}],"replies":[{"embeddable":true,"href":"https:\/\/bachcollegiumbarcelona.com\/es\/wp-json\/wp\/v2\/comments?post=857"}],"version-history":[{"count":6,"href":"https:\/\/bachcollegiumbarcelona.com\/es\/wp-json\/wp\/v2\/pages\/857\/revisions"}],"predecessor-version":[{"id":3096,"href":"https:\/\/bachcollegiumbarcelona.com\/es\/wp-json\/wp\/v2\/pages\/857\/revisions\/3096"}],"wp:attachment":[{"href":"https:\/\/bachcollegiumbarcelona.com\/es\/wp-json\/wp\/v2\/media?parent=857"}],"curies":[{"name":"wp","href":"https:\/\/api.w.org\/{rel}","templated":true}]}}