{"id":875,"date":"2021-03-20T18:36:39","date_gmt":"2021-03-20T17:36:39","guid":{"rendered":"https:\/\/bachcollegiumbarcelona.com\/sobre-bcb\/pau-jorquera\/"},"modified":"2023-11-27T12:30:39","modified_gmt":"2023-11-27T11:30:39","slug":"pau-jorquera","status":"publish","type":"page","link":"https:\/\/bachcollegiumbarcelona.com\/es\/sobre-bcb\/pau-jorquera\/","title":{"rendered":"Pau Jorquera"},"content":{"rendered":"\t\t<div data-elementor-type=\"wp-page\" data-elementor-id=\"875\" class=\"elementor elementor-875 elementor-149\" data-elementor-post-type=\"page\">\n\t\t\t\t\t\t<section class=\"elementor-section elementor-top-section elementor-element elementor-element-3ed098a elementor-section-boxed elementor-section-height-default elementor-section-height-default\" data-id=\"3ed098a\" data-element_type=\"section\">\n\t\t\t\t\t\t<div class=\"elementor-container elementor-column-gap-default\">\n\t\t\t\t\t<div class=\"elementor-column elementor-col-50 elementor-top-column elementor-element elementor-element-f72f6ac\" data-id=\"f72f6ac\" data-element_type=\"column\">\n\t\t\t<div class=\"elementor-widget-wrap elementor-element-populated\">\n\t\t\t\t\t\t<div class=\"elementor-element elementor-element-28b88d7 elementor-widget elementor-widget-image\" data-id=\"28b88d7\" data-element_type=\"widget\" data-widget_type=\"image.default\">\n\t\t\t\t<div class=\"elementor-widget-container\">\n\t\t\t\t\t\t\t\t\t\t\t\t\t\t\t<img fetchpriority=\"high\" decoding=\"async\" width=\"2048\" height=\"1365\" src=\"https:\/\/bachcollegiumbarcelona.com\/wp-content\/uploads\/2022\/04\/pau-jorquera.jpg\" class=\"attachment-full size-full wp-image-2373\" alt=\"\" srcset=\"https:\/\/bachcollegiumbarcelona.com\/wp-content\/uploads\/2022\/04\/pau-jorquera.jpg 2048w, https:\/\/bachcollegiumbarcelona.com\/wp-content\/uploads\/2022\/04\/pau-jorquera-300x200.jpg 300w, https:\/\/bachcollegiumbarcelona.com\/wp-content\/uploads\/2022\/04\/pau-jorquera-1024x683.jpg 1024w, https:\/\/bachcollegiumbarcelona.com\/wp-content\/uploads\/2022\/04\/pau-jorquera-768x512.jpg 768w, https:\/\/bachcollegiumbarcelona.com\/wp-content\/uploads\/2022\/04\/pau-jorquera-1536x1024.jpg 1536w\" sizes=\"(max-width: 2048px) 100vw, 2048px\" \/>\t\t\t\t\t\t\t\t\t\t\t\t\t\t\t<\/div>\n\t\t\t\t<\/div>\n\t\t\t\t<div class=\"elementor-element elementor-element-9401b92 elementor-widget elementor-widget-heading\" data-id=\"9401b92\" data-element_type=\"widget\" data-widget_type=\"heading.default\">\n\t\t\t\t<div class=\"elementor-widget-container\">\n\t\t\t\t\t<h1 class=\"elementor-heading-title elementor-size-default\">Pau Jorquera<\/h1>\t\t\t\t<\/div>\n\t\t\t\t<\/div>\n\t\t\t\t\t<\/div>\n\t\t<\/div>\n\t\t\t\t<div class=\"elementor-column elementor-col-50 elementor-top-column elementor-element elementor-element-63ee5f5\" data-id=\"63ee5f5\" data-element_type=\"column\">\n\t\t\t<div class=\"elementor-widget-wrap elementor-element-populated\">\n\t\t\t\t\t\t<div class=\"elementor-element elementor-element-6c8891e elementor-widget elementor-widget-text-editor\" data-id=\"6c8891e\" data-element_type=\"widget\" data-widget_type=\"text-editor.default\">\n\t\t\t\t<div class=\"elementor-widget-container\">\n\t\t\t\t\t\t\t\t\t<p>Pau Jorquera va comen\u00e7ar els seus estudis musicals a Barcelona, la seva ciutat natal. Es gradu\u00e0 a l&#8217;Escola Superior de M\u00fasica de Catalunya, on va treballar amb Johan Duijck, Josep Vila Casa\u00f1as i Mireia Barrera. Gran part de la seva formaci\u00f3 musical la reb\u00e9 dels professors Ramon Porter i Johan Duick. Paral\u00b7lelament f\u00e9u tamb\u00e9 els estudis de cant, piano i composici\u00f3. Tamb\u00e9 \u00e9s llicenciat en Pedagogia d&#8217;Educaci\u00f3 Musical per la Universitat Aut\u00f2noma de Barcelona (UAB).<\/p>\n<p>Pau Jorquera \u00e9s actualment el sotsdirector de l&#8217;Escolania de Montserrat (de la qual en fou el cap d&#8217;estudis d&#8217;ensenyaments musicals fins el 2021). Especialista en la interpretaci\u00f3 de la m\u00fasica antiga, \u00e9s tamb\u00e9 fundador i director del Bach Collegium Barcelona i director del Cor l&#8217;Aixa, fundador i director del projecte Bach Zum Mitsingen i cofundador del Festival de Bachcelona.<\/p>\n\t\t\t\t\t\t\t\t<\/div>\n\t\t\t\t<\/div>\n\t\t\t\t\t<\/div>\n\t\t<\/div>\n\t\t\t\t\t<\/div>\n\t\t<\/section>\n\t\t\t\t<\/div>\n\t\t","protected":false},"excerpt":{"rendered":"<p>Pau Jorquera Pau Jorquera va comen\u00e7ar els seus estudis musicals a Barcelona, la seva ciutat natal. Es gradu\u00e0 a l&#8217;Escola Superior de M\u00fasica de Catalunya, on va treballar amb Johan Duijck, Josep Vila Casa\u00f1as i Mireia Barrera. Gran part de la seva formaci\u00f3 musical la reb\u00e9 dels professors Ramon Porter i Johan Duick. Paral\u00b7lelament f\u00e9u [&hellip;]<\/p>\n","protected":false},"author":2,"featured_media":0,"parent":857,"menu_order":0,"comment_status":"closed","ping_status":"closed","template":"elementor_header_footer","meta":{"_acf_changed":false,"site-sidebar-layout":"no-sidebar","site-content-layout":"page-builder","ast-site-content-layout":"","site-content-style":"default","site-sidebar-style":"default","ast-global-header-display":"","ast-banner-title-visibility":"","ast-main-header-display":"","ast-hfb-above-header-display":"","ast-hfb-below-header-display":"","ast-hfb-mobile-header-display":"","site-post-title":"disabled","ast-breadcrumbs-content":"disabled","ast-featured-img":"disabled","footer-sml-layout":"","theme-transparent-header-meta":"default","adv-header-id-meta":"","stick-header-meta":"default","header-above-stick-meta":"","header-main-stick-meta":"","header-below-stick-meta":"","astra-migrate-meta-layouts":"default","ast-page-background-enabled":"default","ast-page-background-meta":{"desktop":{"background-color":"","background-image":"","background-repeat":"repeat","background-position":"center center","background-size":"auto","background-attachment":"scroll","background-type":"","background-media":"","overlay-type":"","overlay-color":"","overlay-opacity":"","overlay-gradient":""},"tablet":{"background-color":"","background-image":"","background-repeat":"repeat","background-position":"center center","background-size":"auto","background-attachment":"scroll","background-type":"","background-media":"","overlay-type":"","overlay-color":"","overlay-opacity":"","overlay-gradient":""},"mobile":{"background-color":"","background-image":"","background-repeat":"repeat","background-position":"center center","background-size":"auto","background-attachment":"scroll","background-type":"","background-media":"","overlay-type":"","overlay-color":"","overlay-opacity":"","overlay-gradient":""}},"ast-content-background-meta":{"desktop":{"background-color":"var(--ast-global-color-5)","background-image":"","background-repeat":"repeat","background-position":"center center","background-size":"auto","background-attachment":"scroll","background-type":"","background-media":"","overlay-type":"","overlay-color":"","overlay-opacity":"","overlay-gradient":""},"tablet":{"background-color":"var(--ast-global-color-5)","background-image":"","background-repeat":"repeat","background-position":"center center","background-size":"auto","background-attachment":"scroll","background-type":"","background-media":"","overlay-type":"","overlay-color":"","overlay-opacity":"","overlay-gradient":""},"mobile":{"background-color":"var(--ast-global-color-5)","background-image":"","background-repeat":"repeat","background-position":"center center","background-size":"auto","background-attachment":"scroll","background-type":"","background-media":"","overlay-type":"","overlay-color":"","overlay-opacity":"","overlay-gradient":""}},"footnotes":""},"class_list":["post-875","page","type-page","status-publish","hentry"],"acf":[],"_links":{"self":[{"href":"https:\/\/bachcollegiumbarcelona.com\/es\/wp-json\/wp\/v2\/pages\/875","targetHints":{"allow":["GET"]}}],"collection":[{"href":"https:\/\/bachcollegiumbarcelona.com\/es\/wp-json\/wp\/v2\/pages"}],"about":[{"href":"https:\/\/bachcollegiumbarcelona.com\/es\/wp-json\/wp\/v2\/types\/page"}],"author":[{"embeddable":true,"href":"https:\/\/bachcollegiumbarcelona.com\/es\/wp-json\/wp\/v2\/users\/2"}],"replies":[{"embeddable":true,"href":"https:\/\/bachcollegiumbarcelona.com\/es\/wp-json\/wp\/v2\/comments?post=875"}],"version-history":[{"count":4,"href":"https:\/\/bachcollegiumbarcelona.com\/es\/wp-json\/wp\/v2\/pages\/875\/revisions"}],"predecessor-version":[{"id":3101,"href":"https:\/\/bachcollegiumbarcelona.com\/es\/wp-json\/wp\/v2\/pages\/875\/revisions\/3101"}],"up":[{"embeddable":true,"href":"https:\/\/bachcollegiumbarcelona.com\/es\/wp-json\/wp\/v2\/pages\/857"}],"wp:attachment":[{"href":"https:\/\/bachcollegiumbarcelona.com\/es\/wp-json\/wp\/v2\/media?parent=875"}],"curies":[{"name":"wp","href":"https:\/\/api.w.org\/{rel}","templated":true}]}}